{"id":1402,"date":"2022-08-18T14:53:42","date_gmt":"2022-08-18T12:53:42","guid":{"rendered":"https:\/\/www2.boxxapps.com\/?page_id=1402"},"modified":"2023-06-19T15:33:39","modified_gmt":"2023-06-19T13:33:39","slug":"sistema-di-videosorveglianza","status":"publish","type":"page","link":"https:\/\/www.boxxapps.com\/index.php\/sistema-di-videosorveglianza\/","title":{"rendered":"SISTEMA DI VIDEOSORVEGLIANZA"},"content":{"rendered":"<div data-colibri-id=\"1402-c1\" class=\"style-1052 style-local-1402-c1 position-relative\">\n  <!---->\n  <div data-colibri-component=\"section\" data-colibri-id=\"1402-c2\" id=\"custom\" class=\"h-section h-section-global-spacing d-flex align-items-lg-center align-items-md-center align-items-center style-1057 style-local-1402-c2 position-relative\">\n    <!---->\n    <!---->\n    <div class=\"h-section-grid-container h-section-boxed-container\">\n      <!---->\n      <div data-colibri-id=\"1402-c3\" class=\"h-row-container gutters-row-lg-2 gutters-row-md-2 gutters-row-0 gutters-row-v-lg-2 gutters-row-v-md-2 gutters-row-v-2 style-1058 style-local-1402-c3 position-relative\">\n        <!---->\n        <div class=\"h-row justify-content-lg-center justify-content-md-center justify-content-center align-items-lg-stretch align-items-md-stretch align-items-stretch gutters-col-lg-2 gutters-col-md-2 gutters-col-0 gutters-col-v-lg-2 gutters-col-v-md-2 gutters-col-v-2\">\n          <!---->\n          <div class=\"h-column h-column-container d-flex h-col-lg-auto h-col-md-auto h-col-auto style-1059-outer style-local-1402-c4-outer\">\n            <div data-colibri-id=\"1402-c4\" class=\"d-flex h-flex-basis h-column__inner h-px-lg-2 h-px-md-2 h-px-2 v-inner-lg-2 v-inner-md-2 v-inner-2 style-1059 style-local-1402-c4 position-relative\">\n              <!---->\n              <!---->\n              <div class=\"w-100 h-y-container h-column__content h-column__v-align flex-basis-100 align-self-lg-start align-self-md-start align-self-start\">\n                <!---->\n                <div data-colibri-id=\"1402-c5\" class=\"h-global-transition-all h-heading style-1065 style-local-1402-c5 position-relative h-element\">\n                  <!---->\n                  <div class=\"h-heading__outer style-1065 style-local-1402-c5\">\n                    <!---->\n                    <!---->\n                    <h3 class=\"\"><span style=\"font-weight: 500; font-family: Archivo;\">Attivit\u00e0 di videosorveglianza<\/span><\/h3>\n                  <\/div>\n                <\/div>\n                <div data-colibri-id=\"1402-c6\" class=\"h-text h-text-component style-1060 style-local-1402-c6 position-relative h-element\">\n                  <!---->\n                  <!---->\n                  <div class=\"\">\n                    <p><strong>Informativa sul trattamento dei dati personali ai sensi dell&#8217;art. 13 Regolamento UE n. 2016\/679 (G.D.P.R.)&nbsp;<\/strong>Boxxapps s.r.l., in qualit\u00e0 di titolare del trattamento dei dati personali relativi al sistema di videosorveglianza\n                      dalla stessa posto in essere, ai sensi dell&#8217;art. 13 Reg. UE 16\/679, con la presente informa che la stessa tratta i Suoi dati personali nel rispetto del principio di legalit\u00e0, legittimit\u00e0, correttezza e trasparenza, fornendo le seguenti\n                      informazioni:<\/p>\n                    <h4><strong style=\"font-family: Archivo;\">Titolare del trattamento<\/strong><\/h4>\n                    <ul>\n                      <li>Boxxapps s.r.l.<\/li>\n                      <li>Sede legale: Viale della stazione, n. 2 &#8211; 30020 Marcon, Venezia<\/li>\n                      <li>Indirizzo mail:&nbsp;\n                        <a href=\"mailto:info@boxxapps.com\" style=\"color: rgb(160, 34, 22);\" draggable=\"false\">info@boxxapps.com<\/a>&nbsp;<\/li>\n                      <li>Indirizzo PEC:&nbsp;\n                        <a href=\"mailto:boxxapps@legalmail.it\" style=\"color: rgb(160, 34, 22);\" draggable=\"false\">boxxapps@legalmail.it<\/a>&nbsp;<\/li>\n                      <li>Telefono: 041.3090915<\/li>\n                    <\/ul>\n                    <h4><strong style=\"font-family: Archivo;\">Responsabile della Protezione dei Dati (DPO)<\/strong><\/h4>\n                    <ul>\n                      <li>Indirizzo mail\/PEC:&nbsp;\n                        <a href=\"mailto:privacy@boxxapps.com\" style=\"color: rgb(160, 34, 22);\" draggable=\"false\">privacy@boxxapps.com<\/a>\n                      <\/li>\n                    <\/ul>\n                    <h4><strong style=\"font-family: Archivo;\">Tipologia di dati personali trattati<\/strong><\/h4>\n                    <p>Con riferimento al Procedimento ed alle finalit\u00e0 qui di seguito descritte, la Societ\u00e0 tratter\u00e0 i seguenti dati personali.<\/p>\n                    <p><strong style=\"font-family: Archivo;\">DATI PERSONALI COMUNI<\/strong><\/p>\n                    <ul>\n                      <li>Dati personali identificativi (targa del veicolo che pu\u00f2 essere oggetto di riprese)<\/li>\n                      <li>Immagini personali, videoriprese e registrazioni.<\/li>\n                    <\/ul>\n                    <h4><strong style=\"font-weight: 700; font-family: Archivo;\">Finalit\u00e0 e base giuridica del trattamento<\/strong><\/h4>\n                    <p>Si descrivono qui di seguito le finalit\u00e0 per le quali Boxxapps s.r.l. tratta i Suoi dati personali, sia nella gestione del Procedimento che nell&#8217;eventuale gestione dei rapporti futuri.<\/p>\n                    <p><strong>Finalit\u00e0 di sicurezza e prevenzione:<\/strong><\/p>\n                    <ul>\n                      <li><strong>Finalit\u00e0 di tutela della propriet\u00e0:<\/strong>&nbsp;il sistema di videosorveglianza \u00e8 volto alla tutela dei beni di propriet\u00e0 o in gestione ad Boxxapps s.r.l., ed \u00e8 strumentale alla tutela del patrimonio e alla prevenzione\n                        o all&#8217;accertamento di eventuali atti di vandalismo o danneggiamento.<\/li>\n                      <li><strong>Finalit\u00e0 di organizzazione, produttivit\u00e0 e sicurezza lavorativa:<\/strong>&nbsp;le immagini potranno essere utilizzate per esigenze organizzative e produttive della Societ\u00e0 per garantire la sicurezza del lavoro e per la tutela\n                        del patrimonio aziendale ai sensi di quanto previsto dalla Legge n. 300\/1970.<\/li>\n                    <\/ul>\n                    <p>Per tali finalit\u00e0,&nbsp;<strong>i dispositivi di ripresa saranno attivi esclusivamente in orario non lavorativo, quando la sede non risulta presidiata da personale della societ\u00e0.<\/strong>&nbsp;Le videocamere, pertanto, non saranno\n                      attive negli orari di entrata ed uscita dei dipendenti (previste dai regolamenti interni).<\/p>\n                    <p>Le sopra citate finalit\u00e0 di trattamento trovano fondamento di liceit\u00e0 nelle seguenti basi giuridiche<\/p>\n                    <p><strong>BASI GIURIDICHE<\/strong><\/p>\n                    <p>Il trattamento \u00e8 necessario per il perseguimento del legittimo interesse del titolare del trattamento o di terzi, a condizione che non prevalgano gli interessi o i diritti e le libert\u00e0 fondamentali dell&#8217;interessato che richiedono la\n                      protezione dei dati personali, in particolare se l&#8217;interessato \u00e8 un minore. &#8211; ex art. 6 part. 1 lett. F) Regolamento (UE) 2016\/679.\n                      <br>\n                    <\/p>\n                    <h4><strong style=\"font-family: Archivo;\">Categorie degli eventuali destinatari dei dati personali<\/strong><\/h4>\n                    <p>Qui di seguito sono descritte le categorie dei destinatari dei dati personali trattati, ai sensi dell&#8217;art. 13 lett. e) Regolamento (UE) 2016\/679.Si riportano qui di seguito le categorie di soggetti affidatari di servizi, i quali trattano\n                      dati per conto di Boxxapps s.r.l.. Tali soggetti sono nominati responsabili del trattamento ai sensi dell&#8217;art. 28 Regolamento (UE) 2016\/679; maggiori informazioni in merito possono essere reperite presso gli uffici del servizio richiesto.<\/p>\n                    <ul>\n                      <li>Societ\u00e0 informatiche, fornitori di reti, di servizi di comunicazione elettronica e di servizi informatici e telematici di archiviazione e gestione informatica dei dati.<\/li>\n                      <li>Societ\u00e0 che forniscono, manutengono e gestiscono i gestionali e le banche dati utilizzati da Boxxapps s.r.l.<\/li>\n                      <li>Societ\u00e0 che forniscono, manutengono e gestiscono i sistemi di videosorveglianza della Societ\u00e0.<\/li>\n                      <li>Istituti di vigilanza privata debitamente contrattualizzati e responsabilizzati.<\/li>\n                    <\/ul>\n                    <p><span style=\"color: rgb(33, 37, 41); font-family: Roboto; font-size: 16px; font-weight: 400;\">Si riportano qui di seguito le ulteriori categorie di destinatari dei dati personali, i quali sono destinatari dei dati personali in considerazione delle comunicazioni obbligatorie previste da norme di legge e regolamento.&nbsp;<\/span><\/p>\n                    <ul>\n                      <li>Prefettura, Questura, Carabinieri, Forze di polizia, Autorit\u00e0 giudiziaria e di pubblica sicurezza.<\/li>\n                    <\/ul>\n                    <p><strong>Periodo di conservazione dei dati personali<\/strong><\/p>\n                    <p>Si indicano qui di seguito il periodo di conservazione dei dati personali raccolti e trattati dalla Societ\u00e0, e nel caso tale periodo non sia individuabile, vengono indicati qui di seguito i criteri utilizzati per la determinazione\n                      dello stesso. In generale si ricorda che i dati saranno trattati per tutto il tempo necessario allo svolgimento del procedimento specifico, e potranno successivamente essere conservati se funzionali ad altri servizi.<\/p>\n                    <p><strong style=\"font-weight: 700;\">NATURA DEL TRATTAMENTO<\/strong>: Dati, informazioni, immagini raccolte mediante l&#8217;uso di sistemi di videosorveglianza.<\/p>\n                    <p><strong style=\"font-weight: 700;\">PERIODO DI CONSERVAZIONE<\/strong>: La conservazione dei dati, delle informazioni e delle immagini raccolte mediante l&#8217;uso di sistemi di videosorveglianza \u00e8 limitata al massimo, alle ventiquattro ore,\n                      fatte salve speciali esigenze di ulteriore conservazione. Qualora vi fosse necessit\u00e0, alcuni fotogrammi e dati potranno essere ulteriormente trattati sino al completamento delle relative procedure di accertamento da parte di Autorit\u00e0\n                      Giudiziaria e Forze di Polizia e di Pubblica Sicurezza, preposti, legate ad un evento gi\u00e0 accaduto o realmente incombente.<\/p>\n                    <h4><strong style=\"font-family: Archivo;\">Diritti dell&#8217;interessato<\/strong><\/h4>\n                    <p>Con la presente Le ricordiamo che Lei ha il diritto di chiedere in ogni momento a Boxxapps s.r.l. l&#8217;accesso ai propri dati personali, la rettifica degli stessi qualora non siano veritieri, nonch\u00e9 la loro cancellazione. Potr\u00e0 poi chiedere\n                      la limitazione del trattamento che la riguarda, e potr\u00e0 opporsi allo stesso laddove sia esercitato in modo illegittimo. L&#8217;apposita istanza relativa all&#8217;esercizio dei sopracitati diritti potr\u00e0 essere presentata o al sottoscritto Titolare\n                      del trattamento o al Responsabile della protezione dei dati designato, ai recapiti sopra indicati (ex artt. 15 e ss GDPR 2016\/679). Lei ha inoltre diritto di proporre reclamo all&#8217;Autorit\u00e0 di Controllo competente, il Garante per la\n                      Protezione dei Dati Personali.<\/p>\n                    <h4><strong style=\"font-family: Archivo;\">Conferimento dei dati personali<\/strong><\/h4>\n                    <p>Si ricorda che il conferimento e la comunicazione dei dati personali come sopra elencati \u00e8 obbligatoria, nonch\u00e9 immediata in riferimento all&#8217;inizio del trattamento, in relazione all&#8217;area sottoposta a videosorveglianza, secondo le condizioni\n                      specificamente individuate da legge e descritte nella presente informativa.<\/p>\n                  <\/div>\n                <\/div>\n              <\/div>\n            <\/div>\n          <\/div>\n        <\/div>\n      <\/div>\n    <\/div>\n  <\/div>\n<\/div>","protected":false},"excerpt":{"rendered":"<p>Attivit\u00e0 di videosorveglianza Informativa sul trattamento dei dati personali ai sensi dell&#8217;art. 13 Regolamento UE n. 2016\/679 (G.D.P.R.)&nbsp;Boxxapps s.r.l., in qualit\u00e0 di titolare del trattamento dei dati personali relativi al sistema di videosorveglianza dalla stessa posto in essere, ai sensi dell&#8217;art. 13 Reg. UE 16\/679, con la presente informa che la stessa tratta i Suoi [&hellip;]<\/p>\n","protected":false},"author":1,"featured_media":0,"parent":0,"menu_order":0,"comment_status":"closed","ping_status":"closed","template":"page-templates\/full-width-page.php","meta":{"om_disable_all_campaigns":false,"iawp_total_views":21,"footnotes":""},"class_list":["post-1402","page","type-page","status-publish","hentry"],"_links":{"self":[{"href":"https:\/\/www.boxxapps.com\/index.php\/wp-json\/wp\/v2\/pages\/1402","targetHints":{"allow":["GET"]}}],"collection":[{"href":"https:\/\/www.boxxapps.com\/index.php\/wp-json\/wp\/v2\/pages"}],"about":[{"href":"https:\/\/www.boxxapps.com\/index.php\/wp-json\/wp\/v2\/types\/page"}],"author":[{"embeddable":true,"href":"https:\/\/www.boxxapps.com\/index.php\/wp-json\/wp\/v2\/users\/1"}],"replies":[{"embeddable":true,"href":"https:\/\/www.boxxapps.com\/index.php\/wp-json\/wp\/v2\/comments?post=1402"}],"version-history":[{"count":9,"href":"https:\/\/www.boxxapps.com\/index.php\/wp-json\/wp\/v2\/pages\/1402\/revisions"}],"predecessor-version":[{"id":4755,"href":"https:\/\/www.boxxapps.com\/index.php\/wp-json\/wp\/v2\/pages\/1402\/revisions\/4755"}],"wp:attachment":[{"href":"https:\/\/www.boxxapps.com\/index.php\/wp-json\/wp\/v2\/media?parent=1402"}],"curies":[{"name":"wp","href":"https:\/\/api.w.org\/{rel}","templated":true}]}}